{"id":377,"date":"2014-12-08T11:06:06","date_gmt":"2014-12-08T11:06:06","guid":{"rendered":"http:\/\/despina-apostolou.com\/?page_id=377"},"modified":"2015-10-07T11:59:11","modified_gmt":"2015-10-07T11:59:11","slug":"samsonowski-apostolou-piano-duo","status":"publish","type":"page","link":"http:\/\/despina-apostolou.com\/?page_id=377","title":{"rendered":"<!--:de-->SAPIANO DUO<!--:--><!--:en-->SAPIANO DUO<!--:-->"},"content":{"rendered":"<p><!--:de-->Auch wenn die Arbeit am Klavier gelegentlich etwas einsam sein kann, sollte sie immer Genuss bereiten und Wege er\u00f6ffnen f\u00fcr neue Erfahrungen. Wie viele andere Pianisten auch, verbrachten Despina Apostolou und Jeferson Ulbrich die meiste Zeit damit, ihr Solo-Klavier Repertoire einzu\u00fcben.<\/p>\n<p>Irgendwann wurden beide Pianisten es Leid, immer nur alleine zu spielen, und begannen zusammen, als <strong><em>SAPiano Duo<\/em><\/strong>, Klaviermusik f\u00fcr vier H\u00e4nde zu \u00fcben und aufzuf\u00fchren.<\/p>\n<p>Aus einigen gelegentlich Treffen heraus sind schlie\u00dflich eine Anzahl von Konzerten und Auff\u00fchrungen innner- und au\u00dferhalb Deutschlands erwachsen. Ein unfehlbarer Sinn f\u00fcr die richtige Repertoireauswahl, ein st\u00e4ndiges Aufeinanderh\u00f6ren und eine gemeinsame musikalische Vision sind wesentliche Aspekte f\u00fcr die Arbeit des Klavierduos.<\/p>\n<p>Aus den einsamen Stunden am Klavier, die immer noch Bestandteil ihrer Arbeit sind, sind eine kreative Partnerschaft und schlie\u00dflich ein musikalisches Erlebnis enstanden, das sie mit ihrem Publikum teilen.<!--:--><!--:en-->While playing the piano can be quite lonely at times, it should always be pleasurable and open up paths to new experiences. Like many other pianists, Despina Apostolou and Jeferson Ulbrich spent most of their time practising their solo piano repertoire.<\/p>\n<p>Eventually, both pianists wearied of playing on their own and began to rehearse and perform piano music for four hands together, as the <strong><em>SAPiano Duo.<\/em><\/strong><\/p>\n<p>What started with a few meetings has now grown into a number of concerts and engagements in Germany and abroad. An unerring sense for the right choice of repertoire, constantly listening to each other and a common musical vision are all crucial aspects for the Piano Duo.<\/p>\n<p>Solitary hours spent at the piano &#8211; which are still part of their work \u2013 have been transformed into a creative partnership and a musical experience shared with their audience.<!--:--><\/p>\n","protected":false},"excerpt":{"rendered":"<p>Auch wenn die Arbeit am Klavier gelegentlich etwas einsam sein kann, sollte sie immer Genuss bereiten und Wege er\u00f6ffnen f\u00fcr neue Erfahrungen. Wie viele andere Pianisten auch, verbrachten Despina Apostolou und Jeferson Ulbrich die meiste Zeit damit, ihr Solo-Klavier Repertoire &hellip; <a href=\"http:\/\/despina-apostolou.com\/?page_id=377\">Weiterlesen <span class=\"meta-nav\">&rarr;<\/span><\/a><\/p>\n","protected":false},"author":1,"featured_media":379,"parent":380,"menu_order":1,"comment_status":"closed","ping_status":"open","template":"","meta":{"footnotes":""},"class_list":["post-377","page","type-page","status-publish","has-post-thumbnail","hentry"],"_links":{"self":[{"href":"http:\/\/despina-apostolou.com\/index.php?rest_route=\/wp\/v2\/pages\/377"}],"collection":[{"href":"http:\/\/despina-apostolou.com\/index.php?rest_route=\/wp\/v2\/pages"}],"about":[{"href":"http:\/\/despina-apostolou.com\/index.php?rest_route=\/wp\/v2\/types\/page"}],"author":[{"embeddable":true,"href":"http:\/\/despina-apostolou.com\/index.php?rest_route=\/wp\/v2\/users\/1"}],"replies":[{"embeddable":true,"href":"http:\/\/despina-apostolou.com\/index.php?rest_route=%2Fwp%2Fv2%2Fcomments&post=377"}],"version-history":[{"count":7,"href":"http:\/\/despina-apostolou.com\/index.php?rest_route=\/wp\/v2\/pages\/377\/revisions"}],"predecessor-version":[{"id":505,"href":"http:\/\/despina-apostolou.com\/index.php?rest_route=\/wp\/v2\/pages\/377\/revisions\/505"}],"up":[{"embeddable":true,"href":"http:\/\/despina-apostolou.com\/index.php?rest_route=\/wp\/v2\/pages\/380"}],"wp:featuredmedia":[{"embeddable":true,"href":"http:\/\/despina-apostolou.com\/index.php?rest_route=\/wp\/v2\/media\/379"}],"wp:attachment":[{"href":"http:\/\/despina-apostolou.com\/index.php?rest_route=%2Fwp%2Fv2%2Fmedia&parent=377"}],"curies":[{"name":"wp","href":"https:\/\/api.w.org\/{rel}","templated":true}]}}